{"id":1635,"date":"2025-12-09T13:20:11","date_gmt":"2025-12-09T13:20:11","guid":{"rendered":"https:\/\/sremskenekretnine.rs\/?page_id=1635"},"modified":"2026-04-02T08:34:49","modified_gmt":"2026-04-02T06:34:49","slug":"o-nama","status":"publish","type":"page","link":"https:\/\/sremskenekretnine.rs\/en\/o-nama\/","title":{"rendered":"O nama"},"content":{"rendered":"<div data-elementor-type=\"wp-page\" data-elementor-id=\"1635\" class=\"elementor elementor-1635\" data-elementor-post-type=\"page\">\n\t\t\t\t<div class=\"elementor-element elementor-element-7768904 e-flex e-con-boxed e-con e-parent\" data-id=\"7768904\" data-element_type=\"container\" data-e-type=\"container\" data-settings=\"{&quot;background_background&quot;:&quot;classic&quot;,&quot;jet_parallax_layout_list&quot;:[]}\">\n\t\t\t\t\t<div class=\"e-con-inner\">\n\t\t<div class=\"elementor-element elementor-element-17a2d1c e-con-full e-flex e-con e-child\" data-id=\"17a2d1c\" data-element_type=\"container\" data-e-type=\"container\" data-settings=\"{&quot;background_background&quot;:&quot;classic&quot;,&quot;jet_parallax_layout_list&quot;:[]}\">\n\t\t\t\t<div class=\"elementor-element elementor-element-27a0033 elementor-widget elementor-widget-heading\" data-id=\"27a0033\" data-element_type=\"widget\" data-e-type=\"widget\" data-widget_type=\"heading.default\">\n\t\t\t\t\t<h2 class=\"elementor-heading-title elementor-size-default\">O nama<\/h2>\t\t\t\t<\/div>\n\t\t\t\t<div class=\"elementor-element elementor-element-5b641fc elementor-widget elementor-widget-text-editor\" data-id=\"5b641fc\" data-element_type=\"widget\" data-e-type=\"widget\" data-widget_type=\"text-editor.default\">\n\t\t\t\t\t\t\t\t\t<p class=\"cvGsUA direction-ltr align-justify para-style-body\"><span class=\"a_GcMg font-feature-liga-off font-feature-clig-off font-feature-calt-off text-decoration-none text-strikethrough-none\">Sremske nekretnine su prva lokalna digitalna platforma koja objedinjuje ponudu nekretnina iz celog Srema \u2014 Rume, Sremske Mitrovice, In\u0111ije, Stare Pazove i \u0160ida.<\/span><\/p><p class=\"cvGsUA direction-ltr align-justify para-style-body\"><span style=\"font-style: inherit; font-weight: inherit;\">Na\u0161e sedi\u0161te je u Rumi, na adresi 27. Oktobra 7, i odavde gradimo sistem koji ljudima pru\u017ea jednostavniji, jasniji i br\u017ei na\u010din za kupovinu i prodaju nekretnina.<\/span><\/p><p class=\"cvGsUA direction-ltr align-justify para-style-body\"><span class=\"a_GcMg font-feature-liga-off font-feature-clig-off font-feature-calt-off text-decoration-none text-strikethrough-none\">Ideja je nastala iz potrebe tr\u017ei\u0161ta: ljudi iz Srema \u010desto tragaju za oglasima na vi\u0161e sajtova, bez jasnog pregleda, bez lokalnog fokusa i bez direktnog kontakta sa vlasnicima.<\/span><\/p><p class=\"cvGsUA direction-ltr align-justify para-style-body\"><span class=\"a_GcMg font-feature-liga-off font-feature-clig-off font-feature-calt-off text-decoration-none text-strikethrough-none\">Mi smo \u017eeleli upravo suprotno \u2014 jedno mesto gde su sve ponude pregledne, transparentne i dostupne bez posrednika i provizija.<\/span><\/p><p class=\"cvGsUA direction-ltr align-justify para-style-body\"><span class=\"a_GcMg font-feature-liga-off font-feature-clig-off font-feature-calt-off text-decoration-none text-strikethrough-none\">Tvoj upit sti\u017ee direktno na\u0161em timu i javljamo se u najkra\u0107em roku.<\/span><\/p>\t\t\t\t\t\t\t\t<\/div>\n\t\t<div class=\"elementor-element elementor-element-ebd14eb e-con-full e-flex e-con e-child\" data-id=\"ebd14eb\" data-element_type=\"container\" data-e-type=\"container\" data-settings=\"{&quot;jet_parallax_layout_list&quot;:[]}\">\n\t\t<div class=\"elementor-element elementor-element-1678bf6 e-con-full e-flex e-con e-child\" data-id=\"1678bf6\" data-element_type=\"container\" data-e-type=\"container\" data-settings=\"{&quot;jet_parallax_layout_list&quot;:[]}\">\n\t\t\t\t<div class=\"elementor-element elementor-element-fe76bdc elementor-widget elementor-widget-image\" data-id=\"fe76bdc\" data-element_type=\"widget\" data-e-type=\"widget\" data-widget_type=\"image.default\">\n\t\t\t\t\t\t\t\t\t\t\t\t\t\t\t<img fetchpriority=\"high\" decoding=\"async\" width=\"1024\" height=\"576\" src=\"https:\/\/sremskenekretnine.rs\/wp-content\/uploads\/2026\/03\/VESTI-sremske-nekretnine-1024x576.png\" class=\"attachment-large size-large wp-image-6910\" alt=\"\" srcset=\"https:\/\/sremskenekretnine.rs\/wp-content\/uploads\/2026\/03\/VESTI-sremske-nekretnine-1024x576.png 1024w, https:\/\/sremskenekretnine.rs\/wp-content\/uploads\/2026\/03\/VESTI-sremske-nekretnine-300x169.png 300w, https:\/\/sremskenekretnine.rs\/wp-content\/uploads\/2026\/03\/VESTI-sremske-nekretnine-768x432.png 768w, https:\/\/sremskenekretnine.rs\/wp-content\/uploads\/2026\/03\/VESTI-sremske-nekretnine-1536x864.png 1536w, https:\/\/sremskenekretnine.rs\/wp-content\/uploads\/2026\/03\/VESTI-sremske-nekretnine-18x10.png 18w, https:\/\/sremskenekretnine.rs\/wp-content\/uploads\/2026\/03\/VESTI-sremske-nekretnine.png 1920w\" sizes=\"(max-width: 1024px) 100vw, 1024px\" \/>\t\t\t\t\t\t\t\t\t\t\t\t\t\t\t<\/div>\n\t\t\t\t<\/div>\n\t\t<div class=\"elementor-element elementor-element-e101ab9 e-con-full e-flex e-con e-child\" data-id=\"e101ab9\" data-element_type=\"container\" data-e-type=\"container\" data-settings=\"{&quot;jet_parallax_layout_list&quot;:[]}\">\n\t\t\t\t<div class=\"elementor-element elementor-element-147532a elementor-widget elementor-widget-heading\" data-id=\"147532a\" data-element_type=\"widget\" data-e-type=\"widget\" data-widget_type=\"heading.default\">\n\t\t\t\t\t<h2 class=\"elementor-heading-title elementor-size-default\">Na\u0161a misija<\/h2>\t\t\t\t<\/div>\n\t\t\t\t<div class=\"elementor-element elementor-element-55f533e elementor-widget elementor-widget-text-editor\" data-id=\"55f533e\" data-element_type=\"widget\" data-e-type=\"widget\" data-widget_type=\"text-editor.default\">\n\t\t\t\t\t\t\t\t\t<p class=\"cvGsUA direction-ltr align-justify para-style-body\"><span class=\"a_GcMg font-feature-liga-off font-feature-clig-off font-feature-calt-off text-decoration-none text-strikethrough-none\">Misija Sremskih nekretnina je da postanemo prva asocijacija za sve koji prodaju, izdaju ili tra\u017ee dom u Sremu.<\/span><\/p><p class=\"cvGsUA direction-ltr align-justify para-style-body\"><span class=\"a_GcMg font-feature-liga-off font-feature-clig-off font-feature-calt-off text-decoration-none text-strikethrough-none\">\u017delimo da ponudimo jednostavnu platformu koja \u0161tedi vreme i kupcima i prodavcima, uz pristup koji je moderan, lokalno orijentisan i uvek jasan.<\/span><\/p><p class=\"cvGsUA direction-ltr align-justify para-style-body\"><span class=\"a_GcMg font-feature-liga-off font-feature-clig-off font-feature-calt-off text-decoration-none text-strikethrough-none\">Kupac odmah vidi sve \u0161to mu je va\u017eno: fotografije, lokaciju, cenu, opis i direktan kontakt vlasnika.<\/span><\/p><p class=\"cvGsUA direction-ltr align-justify para-style-body\"><span class=\"a_GcMg font-feature-liga-off font-feature-clig-off font-feature-calt-off text-decoration-none text-strikethrough-none\">Prodavac ima mogu\u0107nost da svoj oglas postavi za nekoliko minuta i da ga predstavi profesionalno, uz opciju fotografisanja i video prezentacije.<\/span><\/p>\t\t\t\t\t\t\t\t<\/div>\n\t\t\t\t<\/div>\n\t\t\t\t<\/div>\n\t\t\t\t<\/div>\n\t\t<div class=\"elementor-element elementor-element-684c27b e-con-full e-flex e-con e-child\" data-id=\"684c27b\" data-element_type=\"container\" data-e-type=\"container\" data-settings=\"{&quot;background_background&quot;:&quot;classic&quot;,&quot;jet_parallax_layout_list&quot;:[]}\">\n\t\t<div class=\"elementor-element elementor-element-52d1117 e-con-full e-flex e-con e-child\" data-id=\"52d1117\" data-element_type=\"container\" data-e-type=\"container\" data-settings=\"{&quot;jet_parallax_layout_list&quot;:[]}\">\n\t\t\t\t<div class=\"elementor-element elementor-element-f662db0 elementor-widget elementor-widget-heading\" data-id=\"f662db0\" data-element_type=\"widget\" data-e-type=\"widget\" data-widget_type=\"heading.default\">\n\t\t\t\t\t<h2 class=\"elementor-heading-title elementor-size-default\">\u0160ta nas izdvaja<\/h2>\t\t\t\t<\/div>\n\t\t\t\t<div class=\"elementor-element elementor-element-0e28168 elementor-widget elementor-widget-text-editor\" data-id=\"0e28168\" data-element_type=\"widget\" data-e-type=\"widget\" data-widget_type=\"text-editor.default\">\n\t\t\t\t\t\t\t\t\t<ul><li class=\"cvGsUA direction-ltr align-start para-style-body\"><span class=\"a_GcMg font-feature-liga-off font-feature-clig-off font-feature-calt-off text-decoration-none text-strikethrough-none\">Bez provizije i posrednika \u2014 direktna komunikacija izme\u0111u kupca i vlasnika.<\/span><\/li><li class=\"cvGsUA direction-ltr align-start para-style-body\"><span class=\"a_GcMg font-feature-liga-off font-feature-clig-off font-feature-calt-off text-decoration-none text-strikethrough-none\">Lokalni fokus \u2014 platforma je potpuno posve\u0107ena tr\u017ei\u0161tu Srema.<\/span><\/li><li class=\"cvGsUA direction-ltr align-start para-style-body\"><span class=\"a_GcMg font-feature-liga-off font-feature-clig-off font-feature-calt-off text-decoration-none text-strikethrough-none\">Jasne cene oglasa \u2014 osnovni, istaknuti i premium oglas.<\/span><\/li><li class=\"cvGsUA direction-ltr align-start para-style-body\"><span class=\"a_GcMg font-feature-liga-off font-feature-clig-off font-feature-calt-off text-decoration-none text-strikethrough-none\">Profesionalna prezentacija \u2014 fotografije, snimanje, video prikazi.<\/span><\/li><li class=\"cvGsUA direction-ltr align-start para-style-body\"><span class=\"a_GcMg font-feature-liga-off font-feature-clig-off font-feature-calt-off text-decoration-none text-strikethrough-none\">Sekcija za majstore i usluge \u2014 dodatna vrednost za ljude koji ure\u0111uju ili grade dom.<\/span><\/li><li class=\"cvGsUA direction-ltr align-start para-style-body\"><span class=\"a_GcMg font-feature-liga-off font-feature-clig-off font-feature-calt-off text-decoration-none text-strikethrough-none\">Baneri za lokalne firme \u2014 mogu\u0107nost ogla\u0161avanja na najpose\u0107enijoj lokalnoj platformi.<\/span><\/li><li><span class=\"a_GcMg font-feature-liga-off font-feature-clig-off font-feature-calt-off text-decoration-none text-strikethrough-none\">Potpuna transparentnost \u2014 sve informacije o nekretnini su jasno predstavljene.<\/span><\/li><\/ul>\t\t\t\t\t\t\t\t<\/div>\n\t\t\t\t<\/div>\n\t\t<div class=\"elementor-element elementor-element-4a8d932 e-con-full e-flex e-con e-child\" data-id=\"4a8d932\" data-element_type=\"container\" data-e-type=\"container\" data-settings=\"{&quot;jet_parallax_layout_list&quot;:[]}\">\n\t\t\t\t<div class=\"elementor-element elementor-element-dfde406 elementor-widget elementor-widget-image\" data-id=\"dfde406\" data-element_type=\"widget\" data-e-type=\"widget\" data-widget_type=\"image.default\">\n\t\t\t\t\t\t\t\t\t\t\t\t\t\t\t<img decoding=\"async\" width=\"1024\" height=\"576\" src=\"https:\/\/sremskenekretnine.rs\/wp-content\/uploads\/2025\/12\/o-nama-slika-2-1024x576.jpg\" class=\"attachment-large size-large wp-image-1723\" alt=\"\" srcset=\"https:\/\/sremskenekretnine.rs\/wp-content\/uploads\/2025\/12\/o-nama-slika-2-1024x576.jpg 1024w, https:\/\/sremskenekretnine.rs\/wp-content\/uploads\/2025\/12\/o-nama-slika-2-300x169.jpg 300w, https:\/\/sremskenekretnine.rs\/wp-content\/uploads\/2025\/12\/o-nama-slika-2-768x432.jpg 768w, https:\/\/sremskenekretnine.rs\/wp-content\/uploads\/2025\/12\/o-nama-slika-2-1536x864.jpg 1536w, https:\/\/sremskenekretnine.rs\/wp-content\/uploads\/2025\/12\/o-nama-slika-2.jpg 1920w\" sizes=\"(max-width: 1024px) 100vw, 1024px\" \/>\t\t\t\t\t\t\t\t\t\t\t\t\t\t\t<\/div>\n\t\t\t\t<\/div>\n\t\t\t\t<\/div>\n\t\t<div class=\"elementor-element elementor-element-dc7673a e-con-full e-flex e-con e-child\" data-id=\"dc7673a\" data-element_type=\"container\" data-e-type=\"container\" data-settings=\"{&quot;background_background&quot;:&quot;classic&quot;,&quot;jet_parallax_layout_list&quot;:[]}\">\n\t\t<div class=\"elementor-element elementor-element-630bc48 e-con-full e-flex e-con e-child\" data-id=\"630bc48\" data-element_type=\"container\" data-e-type=\"container\" data-settings=\"{&quot;jet_parallax_layout_list&quot;:[]}\">\n\t\t\t\t<div class=\"elementor-element elementor-element-0a98331 elementor-widget elementor-widget-heading\" data-id=\"0a98331\" data-element_type=\"widget\" data-e-type=\"widget\" data-widget_type=\"heading.default\">\n\t\t\t\t\t<h2 class=\"elementor-heading-title elementor-size-default\">Na\u0161a vizija<\/h2>\t\t\t\t<\/div>\n\t\t\t\t<div class=\"elementor-element elementor-element-90969ff elementor-widget elementor-widget-text-editor\" data-id=\"90969ff\" data-element_type=\"widget\" data-e-type=\"widget\" data-widget_type=\"text-editor.default\">\n\t\t\t\t\t\t\t\t\t<p class=\"cvGsUA direction-ltr align-center para-style-body\">\u00a0<\/p><p class=\"cvGsUA direction-ltr align-center para-style-body\"><span class=\"a_GcMg font-feature-liga-off font-feature-clig-off font-feature-calt-off text-decoration-none text-strikethrough-none\">Vizija platforme je da Srem dobije centralizovan, digitalno moderan i lako pretra\u017eiv prostor u kojem se svaka nekretnina prikazuje profesionalno, a svaka komunikacija je direktna i jednostavna.<\/span><\/p><p class=\"cvGsUA direction-ltr align-center para-style-body\"><span class=\"a_GcMg font-feature-liga-off font-feature-clig-off font-feature-calt-off text-decoration-none text-strikethrough-none\">\u017delimo da Sremske nekretnine postanu platforma koja raste zajedno sa regionom:<\/span><\/p><p class=\"cvGsUA direction-ltr align-center para-style-body\"><span class=\"a_GcMg font-feature-liga-off font-feature-clig-off font-feature-calt-off text-decoration-none text-strikethrough-none\">mesto gde se ljudi prvo informi\u0161u, gde postavljaju oglas i gde pronalaze svoj budu\u0107i dom.<\/span><\/p>\t\t\t\t\t\t\t\t<\/div>\n\t\t\t\t<\/div>\n\t\t\t\t<\/div>\n\t\t\t\t\t<\/div>\n\t\t\t\t<\/div>\n\t\t\t\t<\/div>","protected":false},"excerpt":{"rendered":"<p>O nama Sremske nekretnine su prva lokalna digitalna platforma koja objedinjuje ponudu nekretnina iz celog Srema \u2014 Rume, Sremske Mitrovice, [&hellip;]<\/p>\n","protected":false},"author":1,"featured_media":0,"parent":0,"menu_order":0,"comment_status":"closed","ping_status":"closed","template":"","meta":{"site-sidebar-layout":"no-sidebar","site-content-layout":"","ast-site-content-layout":"full-width-container","site-content-style":"default","site-sidebar-style":"default","ast-global-header-display":"","ast-banner-title-visibility":"","ast-main-header-display":"","ast-hfb-above-header-display":"","ast-hfb-below-header-display":"","ast-hfb-mobile-header-display":"","site-post-title":"disabled","ast-breadcrumbs-content":"","ast-featured-img":"disabled","footer-sml-layout":"","ast-disable-related-posts":"","theme-transparent-header-meta":"","adv-header-id-meta":"","stick-header-meta":"","header-above-stick-meta":"","header-main-stick-meta":"","header-below-stick-meta":"","astra-migrate-meta-layouts":"default","ast-page-background-enabled":"default","ast-page-background-meta":{"desktop":{"background-color":"var(--ast-global-color-5)","background-image":"","background-repeat":"repeat","background-position":"center center","background-size":"auto","background-attachment":"scroll","background-type":"","background-media":"","overlay-type":"","overlay-color":"","overlay-opacity":"","overlay-gradient":""},"tablet":{"background-color":"","background-image":"","background-repeat":"repeat","background-position":"center center","background-size":"auto","background-attachment":"scroll","background-type":"","background-media":"","overlay-type":"","overlay-color":"","overlay-opacity":"","overlay-gradient":""},"mobile":{"background-color":"","background-image":"","background-repeat":"repeat","background-position":"center center","background-size":"auto","background-attachment":"scroll","background-type":"","background-media":"","overlay-type":"","overlay-color":"","overlay-opacity":"","overlay-gradient":""}},"ast-content-background-meta":{"desktop":{"background-color":"var(--ast-global-color-4)","background-image":"","background-repeat":"repeat","background-position":"center center","background-size":"auto","background-attachment":"scroll","background-type":"","background-media":"","overlay-type":"","overlay-color":"","overlay-opacity":"","overlay-gradient":""},"tablet":{"background-color":"var(--ast-global-color-4)","background-image":"","background-repeat":"repeat","background-position":"center center","background-size":"auto","background-attachment":"scroll","background-type":"","background-media":"","overlay-type":"","overlay-color":"","overlay-opacity":"","overlay-gradient":""},"mobile":{"background-color":"var(--ast-global-color-4)","background-image":"","background-repeat":"repeat","background-position":"center center","background-size":"auto","background-attachment":"scroll","background-type":"","background-media":"","overlay-type":"","overlay-color":"","overlay-opacity":"","overlay-gradient":""}},"_jf_save_progress":"","_jet_sm_ready_style":"","_jet_sm_style":"","_jet_sm_controls_values":"","_jet_sm_fonts_collection":"","_jet_sm_fonts_links":"","footnotes":""},"class_list":["post-1635","page","type-page","status-publish","hentry"],"_links":{"self":[{"href":"https:\/\/sremskenekretnine.rs\/en\/wp-json\/wp\/v2\/pages\/1635","targetHints":{"allow":["GET"]}}],"collection":[{"href":"https:\/\/sremskenekretnine.rs\/en\/wp-json\/wp\/v2\/pages"}],"about":[{"href":"https:\/\/sremskenekretnine.rs\/en\/wp-json\/wp\/v2\/types\/page"}],"author":[{"embeddable":true,"href":"https:\/\/sremskenekretnine.rs\/en\/wp-json\/wp\/v2\/users\/1"}],"replies":[{"embeddable":true,"href":"https:\/\/sremskenekretnine.rs\/en\/wp-json\/wp\/v2\/comments?post=1635"}],"version-history":[{"count":139,"href":"https:\/\/sremskenekretnine.rs\/en\/wp-json\/wp\/v2\/pages\/1635\/revisions"}],"predecessor-version":[{"id":10464,"href":"https:\/\/sremskenekretnine.rs\/en\/wp-json\/wp\/v2\/pages\/1635\/revisions\/10464"}],"wp:attachment":[{"href":"https:\/\/sremskenekretnine.rs\/en\/wp-json\/wp\/v2\/media?parent=1635"}],"curies":[{"name":"wp","href":"https:\/\/api.w.org\/{rel}","templated":true}]}}